{"id":4333,"date":"2021-07-21T16:06:40","date_gmt":"2021-07-21T16:06:40","guid":{"rendered":"http:\/\/www.gbpaarchitects.com\/?page_id=4333"},"modified":"2021-07-21T16:06:40","modified_gmt":"2021-07-21T16:06:40","slug":"cookie-policy","status":"publish","type":"page","link":"https:\/\/www.gbpaarchitects.com\/it\/cookie-policy\/","title":{"rendered":"Cookie policy"},"content":{"rendered":"<p><strong>Informativa Cookies<\/strong><\/p>\n<p><strong>\u00a0\u00a0<\/strong><strong>Informativa privacy su operativit\u00e0 dei cookies \u00a0\u2013 Art. 13 Codice della privacy<\/strong><\/p>\n<p>Di seguito Vi informiamo in maniera trasparente circa l\u2019operativit\u00e0 su questo sito web (di seguito \u201cSito\u201d) dei c.d. cookies.<\/p>\n<p><strong>Definizione di \u201ccookie\u201d.<\/strong><\/p>\n<p>I cookies sono piccoli file di testo inviati dal Sito al terminale dell\u2019interessato (solitamente al browser), dove vengono memorizzati per essere poi ritrasmessi al Sito alla successiva visita del medesimo utente. Un cookie non pu\u00f2 richiamare nessun altro dato dal disco fisso dell\u2019utente n\u00e8 trasmettere virus informatici o acquisire indirizzi email. Ogni cookie e\u2019 unico per il web browser dell\u2019utente. Alcune delle funzioni dei cookies possono essere demandate ad altre tecnologie. Con il termine \u2018cookies\u2019 si vuol far riferimento ai cookies e a tutte le tecnologie similari.<\/p>\n<p><strong>Finalit\u00e0 del trattamento e scopi dei cookies tecnici di sessione.<\/strong><\/p>\n<p>I cookies utilizzati sul Sito hanno la finalit\u00e0 di eseguire autenticazioni informatiche o il monitoraggio di sessioni e la memorizza-zione di informazioni tecniche specifiche riguardanti gli utenti che accedono ai server, etc. In tale ottica, alcune operazioni sul Sito non potrebbero essere compiute senza l&#8217;uso dei cookies, che in tali casi sono quindi tecnicamente necessari. A titolo esemplificativo, l&#8217;accesso ad aree riservate del Sito e le attivit\u00e0 che possono essere ivi svolte sarebbero molto pi\u00f9 complesse da svolgere e meno sicure senza la presenza di cookies che consentono di identificare l&#8217;utente e mantenerne l&#8217;identificazione nell&#8217;ambito della sessione.<\/p>\n<p>Ai sensi dell\u2019articolo 122, comma 1, del Codice della privacy (nella formulazione vigente a seguito della entrata in vigore del d.lgs.69\/2012) i cookies &#8220;tecnici&#8221; possano essere utilizzati anche in assenza del consenso dell\u2019interessato. Tra l\u2019altro, lo stesso organismo europeo che riunisce tutte le Autorit\u00e0 Garanti per la privacy dei vari Stati Membri (il c.d. Gruppo &#8220;Articolo 29&#8221; ) ha chiarito nel Parere 4\/2012 (WP194) intitolato \u201cEsenzione dal consenso per l\u2019uso dei cookies\u201d che sono cookies per i quali non \u00e8 necessario acquisire il consenso preventivo e informato dell&#8217;utente:<\/p>\n<p>1) cookies con dati compilati dall&#8217;utente (identificativo di sessione), della durata di una sessione o cookies persistenti limitatamente ad alcune ore in taluni casi;<\/p>\n<p>2) cookies per l&#8217;autenticazione, utilizzati ai fini dei servizi autenticati, della durata di una sessione;<\/p>\n<p>3) cookies di sicurezza incentrati sugli utenti, utilizzati per individuare abusi di autenticazione, per una durata persistente limitata;<\/p>\n<p>4) cookies di sessione per lettori multimediali, come i cookies per lettori &#8220;flash&#8221;, della durata di una sessione;<\/p>\n<p>5) cookies di sessione per il bilanciamento del carico, della durata di una sessione;<\/p>\n<p>6) cookies persistenti per la personalizzazione dell&#8217;interfaccia utente, della durata di una sessione (o poco pi\u00f9);<\/p>\n<p>7) cookies per la condivisione dei contenuti mediante plug-in sociali di terzi, per membri di una rete sociale che hanno effettuato il login.<\/p>\n<p>Informiamo dunque in primo luogo che sul Sito sono operativi cookies tecnici necessari per navigare all\u2019interno del Sito poich\u00e8 consentono funzioni essenziali quali autenticazione, validazione, gestione di una sessione di navigazione e prevenzione delle frodi e consentono ad esempio: di identificare se l\u2019utente ha avuto regolarmente accesso alle aree del sito che richiedono la preventiva autenticazione oppure la validazione dell\u2019utente e la gestione delle sessioni relative ai vari servizi e applicazioni oppure la conservazione dei dati per l\u2019accesso in modalit\u00e0 sicura oppure le funzioni di controllo e prevenzione delle frodi.<\/p>\n<p>Per la massima trasparenza, si elencano di seguito una serie di cookies tecnici e di casi di operativit\u00e0 specifica sul Sito:<\/p>\n<ul>\n<li>\u00a0i cookies impiantati nel terminale dell&#8217;utente\/contraente direttamente (che non saranno utilizzati per scopi ulteriori) come ad esempio cookies di sessione utilizzati per &#8220;riempire il carrello&#8221; nelle prenotazioni on line sul Sito, cookies di autenticazione, cookies per contenuti multimediali tipo flash player che non superano la durata della sessione, \u00a0cookies di personalizzazione (ad esempio, per la scelta della lingua di navigazione, richiamo ID e password complete con la digitazione dei primi caratteri, etc);<\/li>\n<li>\u00a0i cookies utilizzati per analizzare statisticamente gli accessi\/le visite al sito (cookies cosiddetti &#8220;analytics&#8221;) che perseguono esclusivamente scopi statistici (e non anche di profilazione o di marketing) e raccolgono informazioni in forma aggregata senza possibilit\u00e0 di risalire alla identificazione del singolo utente. In questi casi, dal momento che la normativa vigente prescrive che per i cookies analytics sia fornita all\u2019interessato l\u2019indicazione chiara e adeguata delle modalit\u00e0 semplici per opporsi (opt-out) al loro impianto (compresi eventuali meccanismi di anonimizzazione dei cookies stessi), specifichiamo che \u00e8 possibile procedere alla disattivazione dei Google analytics come segue: aprire il proprio browser, selezionare il menu impostazioni , cliccare sulle opzioni internet, aprire la scheda relativa alla privacy e scegliere il desiderato livello di blocco cookies. Qualora si voglia \u00a0eliminare i cookies gi\u00e0 salvati in memoria \u00e8 sufficiente aprire la scheda sicurezza ed eliminare la cronologia spuntando la casella \u201celimina cookies&#8221;.<\/li>\n<\/ul>\n<p><strong>Fi<\/strong><strong>nalit\u00e0 del trattamento e scopi dei cookies per analisi di marketing.<\/strong><\/p>\n<p>Oltre ai cookies tecnici, Vi informiamo che utilizziamo su questo Sito anche altri cookies (derivanti da servizi specifici che sono forniti da societ\u00e0 di settore) non qualificabili come &#8220;tecnici&#8221; e che perseguono finalit\u00e0 di analisi dei comportamenti a fini marketing.<\/p>\n<p>Di seguito, per ciascun cookie operativo sul nostro Sito, riportiamo le informazioni su tipologia di cookies utilizzati mediante i servizi di terzi fornitori, scopi, periodo di conservazione, terze parti che comunque conservano le informazioni e che vi accedono:<\/p>\n<table width=\"890\">\n<tbody>\n<tr>\n<td><strong>Denominazione cookie<\/strong><\/td>\n<td><strong>Tipologia di cookie<\/strong><\/td>\n<td><strong>Scopi<\/strong><\/td>\n<td><strong>Terza Parte che conserva e accede alle informazioni sull\u2019utente raccolte con i cookies<\/strong><\/td>\n<td><strong>Link al sito ove visionare l&#8217;informativa privacy della Terza Parte:<\/strong><\/td>\n<\/tr>\n<tr>\n<td>Google Analytics<\/td>\n<td>di Terze Parti &#8211; Persistente<\/td>\n<td>Analisi statistiche e reporting<\/td>\n<td>Google<\/td>\n<td>Google\u00a0<a href=\"http:\/\/www.google.com\/\">www.google.com<\/a><\/td>\n<\/tr>\n<\/tbody>\n<\/table>\n<p>I dati personali raccolti mediante l\u2019operativit\u00e0 dei cookies potranno essere trattati, con modalit\u00e0 automatizzata\/informatica, per le seguenti finalit\u00e0 che si specificano di seguito come richiesto dal Provvedimento Generale del Garante del 4 Luglio 2013 recante le Linee Guida di contrasto allo spam: promozione commerciale, comunicazione pubblicitaria, sollecitazione a comportamenti di acquisto, ricerche di mercato, sondaggi (anche telefonici, on-line o mediante formulari), elaborazioni statistiche (in forma identificativa). Mediante il conferimento del consenso alla operativit\u00e0 dei cookies (che l\u2019utente te potr\u00e0 esprimere comunque in maniera selettiva) ed al connesso Trattamento per Finalit\u00e0 di Marketing l\u2019interessato prende specificatamente atto di tali finalit\u00e0 promozionali, commerciali e di marketing in senso lato del trattamento (incluse le attivit\u00e0 gestionali e amministrative conseguenti) e autorizza espressamente detto trattamento sia ai sensi dell\u2019articolo 23 del Codice della privacy che anche ai sensi dell&#8217;art. 130 del Codice della privacy (in quanto potr\u00e0 impiegare mezzi per il Trattamento per Finalit\u00e0 di Marketing quali la posta elettronica, il fax, gli sms, gli mms, sistemi automatici senza intervento di operatore e similari, incluse piattaforme elettroniche e altri mezzi telematici).<\/p>\n<p>Ai sensi del Provvedimento Generale del Garante per la privacy del 15 Maggio 2013 intitolato \u201cConsenso al trattamento dei dati personali per finalit\u00e0 di &#8220;marketing diretto&#8221; attraverso strumenti tradizionali e automatizzati di contatto\u201d, si richiama specificatamente l\u2019attenzione degli interessati sul fatto che:<\/p>\n<ol>\n<li>\u00a0 \u00a0\u00a0il consenso eventualmente prestato per l&#8217;invio di comunicazioni commerciali e promozionali, sulla base dell&#8217;art. 130, commi 1 e 2, del Codice (cio\u00e8 mediante l\u2019impiego di posta elettronica, fax, sms, mms, sistemi automatici senza intervento di operatore e similari, incluse piattaforme elettroniche e altri mezzi telematici) implicher\u00e0 la ricezione di tali comunicazioni, non solo attraverso dette modalit\u00e0 automatizzate di contatto, ma anche attraverso modalit\u00e0 tradizionali, come la posta cartacea o le chiamate tramite operatore;<\/li>\n<li>\u00a0 \u00a0\u00a0Il diritto di opposizione dell&#8217;interessato al trattamento dei propri dati personali per finalit\u00e0 di &#8220;marketing diretto&#8221; attraverso le sopra citate modalit\u00e0 automatizzate di contatto, si estender\u00e0 in ogni caso a quelle tradizionali e, anche in tal caso, resta salva la possibilit\u00e0 di esercitare tale diritto in parte, cos\u00ec come previsto dall&#8217;art. 7, comma 4, del Codice, sia rispetto a determinati mezzi che rispetto a determinati trattamenti;<\/li>\n<\/ol>\n<p>Per procedere al Trattamento per Finalit\u00e0 di Marketing \u00e8 obbligatorio acquisire un consenso specifico, separato, espresso, documentato, preventivo, informato, libero e del tutto facoltativo.<\/p>\n<p>Conseguentemente, laddove l\u2019interessato decida di prestare lo specifico consenso, deve essere preventivamente informato e consapevole che le finalit\u00e0 del trattamento perseguite sono di specifica natura commerciale, pubblicitaria, promozionale e di marketing in senso lato. In un\u2019ottica di assoluta trasparenza, Vi informiamo dunque che i dati saranno raccolti e successivamente trattati in base a specifica prestazione di consenso:<\/p>\n<ol>\n<li>per inviare ai soggetti che abbiano prestato un consenso consapevole materiale pubblicitario ed informativo (es. Newsletters), a carattere promozionale o comunque a carattere di sollecitazione commerciale, ai sensi dell\u2019articolo 23 e 130 del Codice della privacy;<\/li>\n<li>per compiere attivit\u00e0 dirette di vendita o di collocamento di prodotti o servizi delle Societ\u00e0;<\/li>\n<li>per inviare informazioni commerciali; effettuare comunicazioni commerciali interattive anche ai sensi dell\u2019articolo 58 del Decreto legislativo 206\/2005 attraverso l\u2019impiego della email;<\/li>\n<li>per elaborare studi, ricerche, statistiche \u00a0di mercato;<\/li>\n<li>per inviare comunicazioni commerciali non sollecitate ai sensi dell\u2019articolo 9 del Decreto Legislativo 9 Aprile 2003 n. 70 di recepi-mento della c.d. Direttiva sul Commercio Elettronico 2000\/31\/CEE, che prevede che le comunicazioni commerciali non sollecitate debbano essere immediatamente ed inequivocabilmente identificabili come tali e contenere l\u2019indicazione che il destinatario dei mes-saggio pu\u00f2 opporsi al ricevimento in futuro di tali comunicazioni.<\/li>\n<\/ol>\n<p>Con riferimento all\u2019invio di Newsletters mediante posta elettronica ai quali Lei eventualmente acconsenta, La informiamo altres\u00ec che i contenuti elettronici di tali comunicazioni a carattere promozionale potrebbero essere assistiti da software (come cookies o web beacons) in grado di rendere noti alle Societ\u00e0 una serie di parametri quali a titolo esemplificativo: momento di apertura della Newsletter, pagine visionate della Newsletter, link cliccati all\u2019interno della Newsletter, collegamenti ai siti delle Societ\u00e0 direttamente dalla Newsletter. Tali parametri, che non costituiranno profilazione del destinatario, sono finalizzati a rendere noti alle Societ\u00e0 alcuni dati statistici in merito alle prenotazioni dei servizi generate da diverse fonti.<\/p>\n<p>Prestando dunque il consenso opzionale, l\u2019interessato prende specificatamente atto ed autorizza tali ulteriori, possibili trattamenti secondari.<\/p>\n","protected":false},"excerpt":{"rendered":"<p>Informativa Cookies \u00a0\u00a0Informativa privacy su operativit\u00e0 dei cookies \u00a0\u2013 Art. 13 Codice della privacy Di seguito Vi informiamo in maniera trasparente circa l\u2019operativit\u00e0 su questo sito web (di seguito \u201cSito\u201d) dei c.d. cookies. Definizione di \u201ccookie\u201d. I cookies sono piccoli file di testo inviati dal Sito al terminale dell\u2019interessato (solitamente al browser), dove vengono memorizzati [&hellip;]<\/p>\n","protected":false},"author":2,"featured_media":0,"parent":0,"menu_order":0,"comment_status":"closed","ping_status":"closed","template":"page-templates\/standard.php","meta":{"_acf_changed":false,"footnotes":""},"class_list":["post-4333","page","type-page","status-publish","hentry"],"acf":[],"yoast_head":"<!-- This site is optimized with the Yoast SEO plugin v27.5 - https:\/\/yoast.com\/product\/yoast-seo-wordpress\/ -->\n<title>Cookie policy - GBPA Architects<\/title>\n<meta name=\"robots\" content=\"index, follow, max-snippet:-1, max-image-preview:large, max-video-preview:-1\" \/>\n<link rel=\"canonical\" href=\"https:\/\/www.gbpaarchitects.com\/it\/cookie-policy\/\" \/>\n<meta property=\"og:locale\" content=\"it_IT\" \/>\n<meta property=\"og:type\" content=\"article\" \/>\n<meta property=\"og:title\" content=\"Cookie policy - GBPA Architects\" \/>\n<meta property=\"og:description\" content=\"Informativa Cookies \u00a0\u00a0Informativa privacy su operativit\u00e0 dei cookies \u00a0\u2013 Art. 13 Codice della privacy Di seguito Vi informiamo in maniera trasparente circa l\u2019operativit\u00e0 su questo sito web (di seguito \u201cSito\u201d) dei c.d. cookies. Definizione di \u201ccookie\u201d. I cookies sono piccoli file di testo inviati dal Sito al terminale dell\u2019interessato (solitamente al browser), dove vengono memorizzati [&hellip;]\" \/>\n<meta property=\"og:url\" content=\"https:\/\/www.gbpaarchitects.com\/it\/cookie-policy\/\" \/>\n<meta property=\"og:site_name\" content=\"GBPA Architects\" \/>\n<meta property=\"article:publisher\" content=\"https:\/\/www.facebook.com\/GBPA-Architects-182233098554151\/\" \/>\n<meta name=\"twitter:card\" content=\"summary_large_image\" \/>\n<meta name=\"twitter:site\" content=\"@GbpaArchitects\" \/>\n<meta name=\"twitter:label1\" content=\"Tempo di lettura stimato\" \/>\n\t<meta name=\"twitter:data1\" content=\"8 minuti\" \/>\n<script type=\"application\/ld+json\" class=\"yoast-schema-graph\">{\"@context\":\"https:\\\/\\\/schema.org\",\"@graph\":[{\"@type\":\"WebPage\",\"@id\":\"https:\\\/\\\/www.gbpaarchitects.com\\\/it\\\/cookie-policy\\\/\",\"url\":\"https:\\\/\\\/www.gbpaarchitects.com\\\/it\\\/cookie-policy\\\/\",\"name\":\"Cookie policy - GBPA Architects\",\"isPartOf\":{\"@id\":\"https:\\\/\\\/www.gbpaarchitects.com\\\/it\\\/#website\"},\"datePublished\":\"2021-07-21T16:06:40+00:00\",\"breadcrumb\":{\"@id\":\"https:\\\/\\\/www.gbpaarchitects.com\\\/it\\\/cookie-policy\\\/#breadcrumb\"},\"inLanguage\":\"it-IT\",\"potentialAction\":[{\"@type\":\"ReadAction\",\"target\":[\"https:\\\/\\\/www.gbpaarchitects.com\\\/it\\\/cookie-policy\\\/\"]}]},{\"@type\":\"BreadcrumbList\",\"@id\":\"https:\\\/\\\/www.gbpaarchitects.com\\\/it\\\/cookie-policy\\\/#breadcrumb\",\"itemListElement\":[{\"@type\":\"ListItem\",\"position\":1,\"name\":\"Home\",\"item\":\"https:\\\/\\\/www.gbpaarchitects.com\\\/it\\\/\"},{\"@type\":\"ListItem\",\"position\":2,\"name\":\"Cookie policy\"}]},{\"@type\":\"WebSite\",\"@id\":\"https:\\\/\\\/www.gbpaarchitects.com\\\/it\\\/#website\",\"url\":\"https:\\\/\\\/www.gbpaarchitects.com\\\/it\\\/\",\"name\":\"GBPA Architects\",\"description\":\"Societ\u00e0 di progettazione integrata\",\"potentialAction\":[{\"@type\":\"SearchAction\",\"target\":{\"@type\":\"EntryPoint\",\"urlTemplate\":\"https:\\\/\\\/www.gbpaarchitects.com\\\/it\\\/?s={search_term_string}\"},\"query-input\":{\"@type\":\"PropertyValueSpecification\",\"valueRequired\":true,\"valueName\":\"search_term_string\"}}],\"inLanguage\":\"it-IT\"}]}<\/script>\n<!-- \/ Yoast SEO plugin. -->","yoast_head_json":{"title":"Cookie policy - GBPA Architects","robots":{"index":"index","follow":"follow","max-snippet":"max-snippet:-1","max-image-preview":"max-image-preview:large","max-video-preview":"max-video-preview:-1"},"canonical":"https:\/\/www.gbpaarchitects.com\/it\/cookie-policy\/","og_locale":"it_IT","og_type":"article","og_title":"Cookie policy - GBPA Architects","og_description":"Informativa Cookies \u00a0\u00a0Informativa privacy su operativit\u00e0 dei cookies \u00a0\u2013 Art. 13 Codice della privacy Di seguito Vi informiamo in maniera trasparente circa l\u2019operativit\u00e0 su questo sito web (di seguito \u201cSito\u201d) dei c.d. cookies. Definizione di \u201ccookie\u201d. I cookies sono piccoli file di testo inviati dal Sito al terminale dell\u2019interessato (solitamente al browser), dove vengono memorizzati [&hellip;]","og_url":"https:\/\/www.gbpaarchitects.com\/it\/cookie-policy\/","og_site_name":"GBPA Architects","article_publisher":"https:\/\/www.facebook.com\/GBPA-Architects-182233098554151\/","twitter_card":"summary_large_image","twitter_site":"@GbpaArchitects","twitter_misc":{"Tempo di lettura stimato":"8 minuti"},"schema":{"@context":"https:\/\/schema.org","@graph":[{"@type":"WebPage","@id":"https:\/\/www.gbpaarchitects.com\/it\/cookie-policy\/","url":"https:\/\/www.gbpaarchitects.com\/it\/cookie-policy\/","name":"Cookie policy - GBPA Architects","isPartOf":{"@id":"https:\/\/www.gbpaarchitects.com\/it\/#website"},"datePublished":"2021-07-21T16:06:40+00:00","breadcrumb":{"@id":"https:\/\/www.gbpaarchitects.com\/it\/cookie-policy\/#breadcrumb"},"inLanguage":"it-IT","potentialAction":[{"@type":"ReadAction","target":["https:\/\/www.gbpaarchitects.com\/it\/cookie-policy\/"]}]},{"@type":"BreadcrumbList","@id":"https:\/\/www.gbpaarchitects.com\/it\/cookie-policy\/#breadcrumb","itemListElement":[{"@type":"ListItem","position":1,"name":"Home","item":"https:\/\/www.gbpaarchitects.com\/it\/"},{"@type":"ListItem","position":2,"name":"Cookie policy"}]},{"@type":"WebSite","@id":"https:\/\/www.gbpaarchitects.com\/it\/#website","url":"https:\/\/www.gbpaarchitects.com\/it\/","name":"GBPA Architects","description":"Societ\u00e0 di progettazione integrata","potentialAction":[{"@type":"SearchAction","target":{"@type":"EntryPoint","urlTemplate":"https:\/\/www.gbpaarchitects.com\/it\/?s={search_term_string}"},"query-input":{"@type":"PropertyValueSpecification","valueRequired":true,"valueName":"search_term_string"}}],"inLanguage":"it-IT"}]}},"_links":{"self":[{"href":"https:\/\/www.gbpaarchitects.com\/it\/wp-json\/wp\/v2\/pages\/4333","targetHints":{"allow":["GET"]}}],"collection":[{"href":"https:\/\/www.gbpaarchitects.com\/it\/wp-json\/wp\/v2\/pages"}],"about":[{"href":"https:\/\/www.gbpaarchitects.com\/it\/wp-json\/wp\/v2\/types\/page"}],"author":[{"embeddable":true,"href":"https:\/\/www.gbpaarchitects.com\/it\/wp-json\/wp\/v2\/users\/2"}],"replies":[{"embeddable":true,"href":"https:\/\/www.gbpaarchitects.com\/it\/wp-json\/wp\/v2\/comments?post=4333"}],"version-history":[{"count":1,"href":"https:\/\/www.gbpaarchitects.com\/it\/wp-json\/wp\/v2\/pages\/4333\/revisions"}],"predecessor-version":[{"id":4334,"href":"https:\/\/www.gbpaarchitects.com\/it\/wp-json\/wp\/v2\/pages\/4333\/revisions\/4334"}],"wp:attachment":[{"href":"https:\/\/www.gbpaarchitects.com\/it\/wp-json\/wp\/v2\/media?parent=4333"}],"curies":[{"name":"wp","href":"https:\/\/api.w.org\/{rel}","templated":true}]}}