{"id":3,"date":"2021-01-27T13:29:54","date_gmt":"2021-01-27T13:29:54","guid":{"rendered":"http:\/\/www.gbpaarchitects.com\/?page_id=3"},"modified":"2021-07-21T16:06:07","modified_gmt":"2021-07-21T16:06:07","slug":"privacy-policy","status":"publish","type":"page","link":"https:\/\/www.gbpaarchitects.com\/it\/privacy-policy\/","title":{"rendered":"Privacy Policy"},"content":{"rendered":"<strong>Privacy<\/strong>\r\n\r\n<strong>Trattamento dei dati personali<\/strong>\r\n\r\n<strong>PRIVACY POLICY<\/strong>\r\n\r\nSulla base di molteplici ordinamenti legislativi, inclusi gli artt. 13 e 14 del Regolamento (UE) 2016\/679, la presente informativa descrive le modalit\u00e0 con cui .gbpaarchitects.com tratta i dati personali degli utenti ricevuti tramite il suo sito Internet e altri mezzi.\r\n\r\n<strong>TITOLARE DEL TRATTAMENTO<\/strong>\r\n\r\nIl titolare del trattamento dei dati personali \u00e8 GPBA architects, con sede in Viale Cirene 14 \u2013 20135 \u2013 Milano, Partita IVA 05246480965.\r\n\r\n<strong>CATEGORIE E NATURA DEI DATI TRATTATI<\/strong>\r\n\r\n.gbpaarchitects.com tratter\u00e0 i dati personali degli utenti raccolti durante la navigazione e l\u2019utilizzo del sito, nonch\u00e9 al momento della registrazione e dell\u2019inoltro degli ordini di acquisto, attraverso strumenti elettronici e automatizzati.\r\n\r\n<strong>FINALIT\u00c0<\/strong>\r\n\r\nI dati personali potranno essere trattati per le seguenti finalit\u00e0: esecuzione di obblighi strettamente connessi e strumentali all\u2019utilizzo del sito, alla registrazione e all\u2019accesso alle aree riservate dello stesso, all\u2019invio degli ordini di acquisto e alla gestione del rapporto contrattuale; rispondere a specifiche richieste; adempiere ad obblighi di legge; esecuzione di statistiche e misurazione del livello di soddisfazione del cliente, nonch\u00e9 invio di comunicazioni promozionali e di newsletter (mediante posta e telefono, posta elettronica e sms, anche tramite strumenti automatizzati) ai contatti rilasciati al momento della compilazione del form di registrazione online;\r\ntrattamento delle informazioni relative all\u2019uso del sito (quali frequenza d\u2019uso, modalit\u00e0, abitudini, interessi, statistiche, ordini di acquisto, etc.) attraverso l\u2019impiego di cookie;\r\n\r\n<strong>NATURA OBBLIGATORIA O FACOLTATIVA DEL CONFERIMENTO DEI DATI E CONSEGUENZE DI UN EVENTUALE RIFIUTO<\/strong>\r\n\r\nIn merito alle finalit\u00e0 di cui ai precedenti punti a), b) e c), il conferimento dei suoi dati personali ad .gbpaarchitects.com \u00e8 obbligatorio, e il relativo trattamento non richiede il suo consenso. L&#8217;eventuale rifiuto di fornire i dati potr\u00e0 determinare l&#8217;impossibilit\u00e0 per .gbpaarchitects.com a dare corso al rapporto contrattuale e a evadere gli ordini di acquisto. Il conferimento dei dati relativi ai campi contrassegnati come non obbligatori all\u2019interno del form di registrazione \u00e8 invece facoltativo.\r\nIl conferimento dei dati per le finalit\u00e0 di cui ai punti d) ed e) \u00e8 facoltativo, e un eventuale rifiuto non avr\u00e0 alcuna conseguenza.\r\nIl contenuto del contratto d&#8217;acquisto viene archiviato da .gbpaarchitects.com e pu\u00f2 essere inviato per e-mail insieme ai termini e condizioni di vendita. I dettagli relativi agli ordini pi\u00f9 recenti sono disponibili nell&#8217;area personale di ciascun cliente.\r\nGli utenti sono liberi di cancellare la loro iscrizione al servizio di newsletter in qualsiasi momento, cliccando sul link &#8220;unsubscribe&#8221; presente in ogni mail promozionale.\r\n\r\n<strong>MODALIT\u00c0 DEL TRATTAMENTO<\/strong>\r\n\r\nI dati personali sono trattati con strumenti automatizzati, con logiche strettamente correlate alle finalit\u00e0 stesse, per il tempo strettamente necessario a conseguire gli scopi per cui sono stati raccolti o al rispetto di eventuali adempimenti di legge. Specifiche misure di sicurezza sono osservate per prevenire la perdita dei dati, usi illeciti o non corretti e accessi non autorizzati. Le informazioni raccolte sono registrate in un ambiente sicuro.\r\n\r\n<strong>AMBITO DI COMUNICAZIONE DEI DATI<\/strong>\r\n\r\nI dati personali non saranno oggetto di diffusione e potranno essere comunicati in Italia o in altri Paesi UE nell\u2019ambito delle finalit\u00e0 di cui sopra, a soggetti terzi che agiscano per conto o in nome di .gbpaarchitects.com, quali i soggetti incaricati di curare la consegna dei prodotti, istituti di credito, nostri consulenti legali e fiscali, outsourcers, ecc.\r\nPer le finalit\u00e0 suindicate i dati potranno venire a conoscenza di personale incaricato di .gbpaarchitects.com o dai suoi responsabili del trattamento.\r\nIl responsabile del trattamento per .gbpaarchitects.com \u00e8 da identificarsi nella figura del Direttore Commerciale. Un elenco aggiornato dei responsabili del trattamento \u00e8 disponibile presso la sede della societ\u00e0.\r\n\r\n<strong>DIRITTI DELL\u2019INTERESSATO<\/strong>\r\n\r\nLa informiamo che il Codice Privacy Le conferisce l&#8217;esercizio di specifici diritti. In particolare, in ogni momento, Lei pu\u00f2 ottenere: la conferma dell&#8217;esistenza o meno di dati personali che la riguardano, anche se non ancora registrati, e la loro comunicazione in forma intelligibile;\r\nl&#8217;indicazione dell&#8217;origine dei dati personali, delle finalit\u00e0 e modalit\u00e0 del trattamento nonch\u00e9 della logica applicata in caso di trattamento effettuato con l&#8217;ausilio di strumenti elettronici;\r\nl&#8217;indicazione degli estremi identificativi del titolare e dei responsabili nonch\u00e9 dei soggetti o delle categorie di soggetti ai quali i dati personali possono essere comunicati o che possono venirne a conoscenza;\r\nl&#8217;aggiornamento, la rettificazione, l&#8217;integrazione dei dati, nonch\u00e9 la cancellazione, la trasformazione in forma anonima o il blocco dei dati trattati in violazione di legge, compresi quelli di cui non \u00e8 necessaria la conservazione in relazione agli scopi per i quali i dati sono stati raccolti o successivamente trattati;\r\nl&#8217;attestazione che le operazioni di cui alla lettera d) sono state portate a conoscenza, anche per quanto riguarda il loro contenuto, di coloro ai quali i dati sono stati comunicati, eccettuato il caso in cui tale adempimento si rivela impossibile o comporta un impiego di mezzi manifestamente sproporzionato rispetto al diritto tutelato. L&#8217;interessato, ai sensi dell&#8217;art. 7 del Codice Privacy, ha diritto altres\u00ec di opporsi, per motivi legittimi, al trattamento dei dati personali, anche se pertinenti allo scopo della raccolta, nonch\u00e9 al trattamento di dati personali a fini di invio di comunicazioni promozionali o per le altre finalit\u00e0 per le quali ha rilasciato il consenso.\r\nTutti questi diritti possono essere esercitati inviando comunicazione a GPBA architects, con sede in Viale Cirene 14 \u2013 20135 \u2013 Milano, Partita IVA 05246480965, e-mail info@gbpaarchitects.com.\r\n\r\n<!-- \/wp:post-content -->","protected":false},"excerpt":{"rendered":"<p>Privacy Trattamento dei dati personali PRIVACY POLICY Sulla base di molteplici ordinamenti legislativi, inclusi gli artt. 13 e 14 del Regolamento (UE) 2016\/679, la presente informativa descrive le modalit\u00e0 con cui .gbpaarchitects.com tratta i dati personali degli utenti ricevuti tramite il suo sito Internet e altri mezzi. TITOLARE DEL TRATTAMENTO Il titolare del trattamento dei [&hellip;]<\/p>\n","protected":false},"author":1,"featured_media":0,"parent":0,"menu_order":0,"comment_status":"closed","ping_status":"open","template":"page-templates\/standard.php","meta":{"_acf_changed":false,"footnotes":""},"class_list":["post-3","page","type-page","status-publish","hentry"],"acf":[],"yoast_head":"<!-- This site is optimized with the Yoast SEO plugin v27.5 - https:\/\/yoast.com\/product\/yoast-seo-wordpress\/ -->\n<title>Privacy Policy - GBPA Architects<\/title>\n<meta name=\"robots\" content=\"index, follow, max-snippet:-1, max-image-preview:large, max-video-preview:-1\" \/>\n<link rel=\"canonical\" href=\"https:\/\/www.gbpaarchitects.com\/it\/privacy-policy\/\" \/>\n<meta property=\"og:locale\" content=\"it_IT\" \/>\n<meta property=\"og:type\" content=\"article\" \/>\n<meta property=\"og:title\" content=\"Privacy Policy - GBPA Architects\" \/>\n<meta property=\"og:description\" content=\"Privacy Trattamento dei dati personali PRIVACY POLICY Sulla base di molteplici ordinamenti legislativi, inclusi gli artt. 13 e 14 del Regolamento (UE) 2016\/679, la presente informativa descrive le modalit\u00e0 con cui .gbpaarchitects.com tratta i dati personali degli utenti ricevuti tramite il suo sito Internet e altri mezzi. TITOLARE DEL TRATTAMENTO Il titolare del trattamento dei [&hellip;]\" \/>\n<meta property=\"og:url\" content=\"https:\/\/www.gbpaarchitects.com\/it\/privacy-policy\/\" \/>\n<meta property=\"og:site_name\" content=\"GBPA Architects\" \/>\n<meta property=\"article:publisher\" content=\"https:\/\/www.facebook.com\/GBPA-Architects-182233098554151\/\" \/>\n<meta property=\"article:modified_time\" content=\"2021-07-21T16:06:07+00:00\" \/>\n<meta name=\"twitter:card\" content=\"summary_large_image\" \/>\n<meta name=\"twitter:site\" content=\"@GbpaArchitects\" \/>\n<meta name=\"twitter:label1\" content=\"Tempo di lettura stimato\" \/>\n\t<meta name=\"twitter:data1\" content=\"4 minuti\" \/>\n<script type=\"application\/ld+json\" class=\"yoast-schema-graph\">{\"@context\":\"https:\\\/\\\/schema.org\",\"@graph\":[{\"@type\":\"WebPage\",\"@id\":\"https:\\\/\\\/www.gbpaarchitects.com\\\/it\\\/privacy-policy\\\/\",\"url\":\"https:\\\/\\\/www.gbpaarchitects.com\\\/it\\\/privacy-policy\\\/\",\"name\":\"Privacy Policy - GBPA Architects\",\"isPartOf\":{\"@id\":\"https:\\\/\\\/www.gbpaarchitects.com\\\/it\\\/#website\"},\"datePublished\":\"2021-01-27T13:29:54+00:00\",\"dateModified\":\"2021-07-21T16:06:07+00:00\",\"breadcrumb\":{\"@id\":\"https:\\\/\\\/www.gbpaarchitects.com\\\/it\\\/privacy-policy\\\/#breadcrumb\"},\"inLanguage\":\"it-IT\",\"potentialAction\":[{\"@type\":\"ReadAction\",\"target\":[\"https:\\\/\\\/www.gbpaarchitects.com\\\/it\\\/privacy-policy\\\/\"]}]},{\"@type\":\"BreadcrumbList\",\"@id\":\"https:\\\/\\\/www.gbpaarchitects.com\\\/it\\\/privacy-policy\\\/#breadcrumb\",\"itemListElement\":[{\"@type\":\"ListItem\",\"position\":1,\"name\":\"Home\",\"item\":\"https:\\\/\\\/www.gbpaarchitects.com\\\/it\\\/\"},{\"@type\":\"ListItem\",\"position\":2,\"name\":\"Privacy Policy\"}]},{\"@type\":\"WebSite\",\"@id\":\"https:\\\/\\\/www.gbpaarchitects.com\\\/it\\\/#website\",\"url\":\"https:\\\/\\\/www.gbpaarchitects.com\\\/it\\\/\",\"name\":\"GBPA Architects\",\"description\":\"Societ\u00e0 di progettazione integrata\",\"potentialAction\":[{\"@type\":\"SearchAction\",\"target\":{\"@type\":\"EntryPoint\",\"urlTemplate\":\"https:\\\/\\\/www.gbpaarchitects.com\\\/it\\\/?s={search_term_string}\"},\"query-input\":{\"@type\":\"PropertyValueSpecification\",\"valueRequired\":true,\"valueName\":\"search_term_string\"}}],\"inLanguage\":\"it-IT\"}]}<\/script>\n<!-- \/ Yoast SEO plugin. -->","yoast_head_json":{"title":"Privacy Policy - GBPA Architects","robots":{"index":"index","follow":"follow","max-snippet":"max-snippet:-1","max-image-preview":"max-image-preview:large","max-video-preview":"max-video-preview:-1"},"canonical":"https:\/\/www.gbpaarchitects.com\/it\/privacy-policy\/","og_locale":"it_IT","og_type":"article","og_title":"Privacy Policy - GBPA Architects","og_description":"Privacy Trattamento dei dati personali PRIVACY POLICY Sulla base di molteplici ordinamenti legislativi, inclusi gli artt. 13 e 14 del Regolamento (UE) 2016\/679, la presente informativa descrive le modalit\u00e0 con cui .gbpaarchitects.com tratta i dati personali degli utenti ricevuti tramite il suo sito Internet e altri mezzi. TITOLARE DEL TRATTAMENTO Il titolare del trattamento dei [&hellip;]","og_url":"https:\/\/www.gbpaarchitects.com\/it\/privacy-policy\/","og_site_name":"GBPA Architects","article_publisher":"https:\/\/www.facebook.com\/GBPA-Architects-182233098554151\/","article_modified_time":"2021-07-21T16:06:07+00:00","twitter_card":"summary_large_image","twitter_site":"@GbpaArchitects","twitter_misc":{"Tempo di lettura stimato":"4 minuti"},"schema":{"@context":"https:\/\/schema.org","@graph":[{"@type":"WebPage","@id":"https:\/\/www.gbpaarchitects.com\/it\/privacy-policy\/","url":"https:\/\/www.gbpaarchitects.com\/it\/privacy-policy\/","name":"Privacy Policy - GBPA Architects","isPartOf":{"@id":"https:\/\/www.gbpaarchitects.com\/it\/#website"},"datePublished":"2021-01-27T13:29:54+00:00","dateModified":"2021-07-21T16:06:07+00:00","breadcrumb":{"@id":"https:\/\/www.gbpaarchitects.com\/it\/privacy-policy\/#breadcrumb"},"inLanguage":"it-IT","potentialAction":[{"@type":"ReadAction","target":["https:\/\/www.gbpaarchitects.com\/it\/privacy-policy\/"]}]},{"@type":"BreadcrumbList","@id":"https:\/\/www.gbpaarchitects.com\/it\/privacy-policy\/#breadcrumb","itemListElement":[{"@type":"ListItem","position":1,"name":"Home","item":"https:\/\/www.gbpaarchitects.com\/it\/"},{"@type":"ListItem","position":2,"name":"Privacy Policy"}]},{"@type":"WebSite","@id":"https:\/\/www.gbpaarchitects.com\/it\/#website","url":"https:\/\/www.gbpaarchitects.com\/it\/","name":"GBPA Architects","description":"Societ\u00e0 di progettazione integrata","potentialAction":[{"@type":"SearchAction","target":{"@type":"EntryPoint","urlTemplate":"https:\/\/www.gbpaarchitects.com\/it\/?s={search_term_string}"},"query-input":{"@type":"PropertyValueSpecification","valueRequired":true,"valueName":"search_term_string"}}],"inLanguage":"it-IT"}]}},"_links":{"self":[{"href":"https:\/\/www.gbpaarchitects.com\/it\/wp-json\/wp\/v2\/pages\/3","targetHints":{"allow":["GET"]}}],"collection":[{"href":"https:\/\/www.gbpaarchitects.com\/it\/wp-json\/wp\/v2\/pages"}],"about":[{"href":"https:\/\/www.gbpaarchitects.com\/it\/wp-json\/wp\/v2\/types\/page"}],"author":[{"embeddable":true,"href":"https:\/\/www.gbpaarchitects.com\/it\/wp-json\/wp\/v2\/users\/1"}],"replies":[{"embeddable":true,"href":"https:\/\/www.gbpaarchitects.com\/it\/wp-json\/wp\/v2\/comments?post=3"}],"version-history":[{"count":4,"href":"https:\/\/www.gbpaarchitects.com\/it\/wp-json\/wp\/v2\/pages\/3\/revisions"}],"predecessor-version":[{"id":4332,"href":"https:\/\/www.gbpaarchitects.com\/it\/wp-json\/wp\/v2\/pages\/3\/revisions\/4332"}],"wp:attachment":[{"href":"https:\/\/www.gbpaarchitects.com\/it\/wp-json\/wp\/v2\/media?parent=3"}],"curies":[{"name":"wp","href":"https:\/\/api.w.org\/{rel}","templated":true}]}}